{"id":128,"date":"2020-03-16T13:16:30","date_gmt":"2020-03-16T13:16:30","guid":{"rendered":"http:\/\/localhost\/epb_industrial_demos\/2\/?page_id=128"},"modified":"2025-04-11T09:24:42","modified_gmt":"2025-04-11T09:24:42","slug":"label","status":"publish","type":"page","link":"https:\/\/foyottr.com\/fr\/label\/","title":{"rendered":"Services"},"content":{"rendered":"<section class=\"section info-card-1\" id=\"section_1067630575\">\n\t\t<div class=\"section-bg fill\" >\n\t\t\t\t\t\t\t\t\t\n\t\t\t\n\n\t\t<\/div>\n\n\t\t\n\n\t\t<div class=\"section-content relative\">\n\t\t\t\n\n<div class=\"row\"  id=\"row-389039408\">\n\n\n\t<div id=\"col-6794419\" class=\"col small-12 large-12\"  >\n\t\t\t\t<div class=\"col-inner text-center\"  >\n\t\t\t\n\t\t\t\n\n\t<div id=\"text-3108116071\" class=\"text\">\n\t\t\n\n<h1>SERVICES<\/h1>\n\t\t\n<style>\n#text-3108116071 {\n  font-size: 1.5rem;\n  text-align: center;\n}\n<\/style>\n\t<\/div>\n\t\n\n\t\t<\/div>\n\t\t\t\t\t<\/div>\n\n\t\n\n<\/div>\n<div class=\"row row-small align-equal\"  id=\"row-1871553786\">\n\n\n\t<div id=\"col-1937687861\" class=\"col medium-4 small-12 large-4\"  >\n\t\t\t\t<div class=\"col-inner\"  >\n\t\t\t\n\t\t\t\n\n\t<div class=\"box has-hover   has-hover box-push box-text-bottom\" >\n\n\t\t<div class=\"box-image\" >\n\t\t\t<a href=\"https:\/\/foyottr.com\/manufacturing\/\" target=\"_blank\" rel=\"noopener\" >\t\t\t<div class=\"image-zoom image-cover\" style=\"padding-top:70%;\">\n\t\t\t\t<img loading=\"lazy\" decoding=\"async\" width=\"800\" height=\"604\" src=\"https:\/\/foyottr.com\/wp-content\/uploads\/2024\/10\/info-card-bg-sample-1-ux-builder-flatsome.jpg\" class=\"attachment- size-\" alt=\"\" srcset=\"https:\/\/foyottr.com\/wp-content\/uploads\/2024\/10\/info-card-bg-sample-1-ux-builder-flatsome.jpg 800w, https:\/\/foyottr.com\/wp-content\/uploads\/2024\/10\/info-card-bg-sample-1-ux-builder-flatsome-530x400.jpg 530w, https:\/\/foyottr.com\/wp-content\/uploads\/2024\/10\/info-card-bg-sample-1-ux-builder-flatsome-510x385.jpg 510w\" sizes=\"auto, (max-width: 800px) 100vw, 800px\" title=\"\">\t\t\t\t\t\t\t\t\t\t\t<\/div>\n\t\t\t<\/a>\t\t<\/div>\n\n\t\t<div class=\"box-text text-center\" style=\"background-color:rgb(255, 255, 255);padding:20px 5% 20px 5%;\">\n\t\t\t<div class=\"box-text-inner\">\n\t\t\t\t\n\n\t<div id=\"text-4143643180\" class=\"text\">\n\t\t\n\n<h3>Fabrication<\/h3>\n<p>Dans le secteur manufacturier, les rubans sont essentiels pour produire des \u00e9tiquettes durables qui r\u00e9sistent \u00e0 des conditions difficiles telles que la chaleur, les produits chimiques et l'abrasion.<\/p>\n\t\t\n<style>\n#text-4143643180 {\n  font-size: 1.15rem;\n}\n<\/style>\n\t<\/div>\n\t\n<a href=\"https:\/\/foyottr.com\/manufacturing\/\" target=\"_blank\" class=\"button primary is-underline\" rel=\"noopener\"  >\n\t\t<span>Plus d'informations<\/span>\n\t<\/a>\n\n\n\n\t\t\t<\/div>\n\t\t<\/div>\n\t<\/div>\n\t\n\n\t\t<\/div>\n\t\t\t\t\t<\/div>\n\n\t\n\n\t<div id=\"col-660737975\" class=\"col medium-4 small-12 large-4\"  >\n\t\t\t\t<div class=\"col-inner\"  >\n\t\t\t\n\t\t\t\n\n\t<div class=\"box has-hover   has-hover box-push box-text-bottom\" >\n\n\t\t<div class=\"box-image\" >\n\t\t\t<a href=\"https:\/\/foyottr.com\/chemical-industry\/\" target=\"_blank\" rel=\"noopener\" >\t\t\t<div class=\"image-zoom image-cover\" style=\"padding-top:70%;\">\n\t\t\t\t<img loading=\"lazy\" decoding=\"async\" width=\"800\" height=\"533\" src=\"https:\/\/foyottr.com\/wp-content\/uploads\/2024\/10\/info-card-bg-sample-2-ux-builder-flatsome.jpg\" class=\"attachment- size-\" alt=\"\" srcset=\"https:\/\/foyottr.com\/wp-content\/uploads\/2024\/10\/info-card-bg-sample-2-ux-builder-flatsome.jpg 800w, https:\/\/foyottr.com\/wp-content\/uploads\/2024\/10\/info-card-bg-sample-2-ux-builder-flatsome-600x400.jpg 600w, https:\/\/foyottr.com\/wp-content\/uploads\/2024\/10\/info-card-bg-sample-2-ux-builder-flatsome-510x340.jpg 510w\" sizes=\"auto, (max-width: 800px) 100vw, 800px\" title=\"\">\t\t\t\t\t\t\t\t\t\t\t<\/div>\n\t\t\t<\/a>\t\t<\/div>\n\n\t\t<div class=\"box-text text-center\" style=\"background-color:rgb(255, 255, 255);padding:20px 5% 20px 5%;\">\n\t\t\t<div class=\"box-text-inner\">\n\t\t\t\t\n\n\t<div id=\"text-2086016748\" class=\"text\">\n\t\t\n\n<h3>Industrie chimique<\/h3>\n<p>Les rubans offrent un \u00e9tiquetage durable et r\u00e9sistant aux produits chimiques dans l'industrie chimique, garantissant des impressions claires et durables sur les conteneurs et les \u00e9quipements dans des conditions difficiles.<\/p>\n\t\t\n<style>\n#text-2086016748 {\n  font-size: 1.15rem;\n}\n<\/style>\n\t<\/div>\n\t\n<a href=\"https:\/\/foyottr.com\/chemical-industry\/\" target=\"_blank\" class=\"button primary is-underline\" rel=\"noopener\"  >\n\t\t<span>Plus d'informations<\/span>\n\t<\/a>\n\n\n\n\t\t\t<\/div>\n\t\t<\/div>\n\t<\/div>\n\t\n\n\t\t<\/div>\n\t\t\t\t\t<\/div>\n\n\t\n\n\t<div id=\"col-1057832790\" class=\"col medium-4 small-12 large-4\"  >\n\t\t\t\t<div class=\"col-inner\"  >\n\t\t\t\n\t\t\t\n\n\t<div class=\"box has-hover   has-hover box-push box-text-bottom\" >\n\n\t\t<div class=\"box-image\" >\n\t\t\t<a href=\"https:\/\/foyottr.com\/food-packging\/\" target=\"_blank\" rel=\"noopener\" >\t\t\t<div class=\"image-zoom image-cover\" style=\"padding-top:70%;\">\n\t\t\t\t<img loading=\"lazy\" decoding=\"async\" width=\"800\" height=\"534\" src=\"https:\/\/foyottr.com\/wp-content\/uploads\/2024\/10\/info-card-bg-sample-3-ux-builder-flatsome.jpg\" class=\"attachment- size-\" alt=\"\" srcset=\"https:\/\/foyottr.com\/wp-content\/uploads\/2024\/10\/info-card-bg-sample-3-ux-builder-flatsome.jpg 800w, https:\/\/foyottr.com\/wp-content\/uploads\/2024\/10\/info-card-bg-sample-3-ux-builder-flatsome-599x400.jpg 599w, https:\/\/foyottr.com\/wp-content\/uploads\/2024\/10\/info-card-bg-sample-3-ux-builder-flatsome-510x340.jpg 510w\" sizes=\"auto, (max-width: 800px) 100vw, 800px\" title=\"\">\t\t\t\t\t\t\t\t\t\t\t<\/div>\n\t\t\t<\/a>\t\t<\/div>\n\n\t\t<div class=\"box-text text-center\" style=\"background-color:rgb(255, 255, 255);padding:20px 5% 20px 5%;\">\n\t\t\t<div class=\"box-text-inner\">\n\t\t\t\t\n\n\t<div id=\"text-2976951947\" class=\"text\">\n\t\t\n\n<h3>Emballage alimentaire<\/h3>\n<p>Les rubans fournissent un \u00e9tiquetage clair et durable pour les emballages alimentaires, garantissant que les informations sur le produit restent intactes malgr\u00e9 l'humidit\u00e9, les changements de temp\u00e9rature et les manipulations pendant le stockage et l'exp\u00e9dition.<\/p>\n\t\t\n<style>\n#text-2976951947 {\n  font-size: 1.15rem;\n}\n<\/style>\n\t<\/div>\n\t\n<a href=\"https:\/\/foyottr.com\/food-packging\/\" target=\"_blank\" class=\"button primary is-underline\" rel=\"noopener\"  >\n\t\t<span>Plus d'informations<\/span>\n\t<\/a>\n\n\n\n\t\t\t<\/div>\n\t\t<\/div>\n\t<\/div>\n\t\n\n\t\t<\/div>\n\t\t\t\t\t<\/div>\n\n\t\n\n\t<div id=\"col-1216412644\" class=\"col medium-4 small-12 large-4\"  >\n\t\t\t\t<div class=\"col-inner\"  >\n\t\t\t\n\t\t\t\n\n\t<div class=\"box has-hover   has-hover box-push box-text-bottom\" >\n\n\t\t<div class=\"box-image\" >\n\t\t\t<a href=\"https:\/\/foyottr.com\/pharmaceutical\/\" target=\"_blank\" rel=\"noopener\" >\t\t\t<div class=\"image-zoom image-cover\" style=\"padding-top:70%;\">\n\t\t\t\t<img loading=\"lazy\" decoding=\"async\" width=\"800\" height=\"534\" src=\"https:\/\/foyottr.com\/wp-content\/uploads\/2024\/10\/info-card-bg-sample-3-ux-builder-flatsome.jpg\" class=\"attachment- size-\" alt=\"\" srcset=\"https:\/\/foyottr.com\/wp-content\/uploads\/2024\/10\/info-card-bg-sample-3-ux-builder-flatsome.jpg 800w, https:\/\/foyottr.com\/wp-content\/uploads\/2024\/10\/info-card-bg-sample-3-ux-builder-flatsome-599x400.jpg 599w, https:\/\/foyottr.com\/wp-content\/uploads\/2024\/10\/info-card-bg-sample-3-ux-builder-flatsome-510x340.jpg 510w\" sizes=\"auto, (max-width: 800px) 100vw, 800px\" title=\"\">\t\t\t\t\t\t\t\t\t\t\t<\/div>\n\t\t\t<\/a>\t\t<\/div>\n\n\t\t<div class=\"box-text text-center\" style=\"background-color:rgb(255, 255, 255);padding:20px 5% 20px 5%;\">\n\t\t\t<div class=\"box-text-inner\">\n\t\t\t\t\n\n\t<div id=\"text-28194327\" class=\"text\">\n\t\t\n\n<h3>Pharmaceutique<\/h3>\n<p>Les rubans garantissent un \u00e9tiquetage fiable et durable dans le secteur de la sant\u00e9, en maintenant une identification claire sur les dispositifs m\u00e9dicaux, les \u00e9quipements et les fournitures, m\u00eame en cas de st\u00e9rilisation et de conditions difficiles.<\/p>\n\t\t\n<style>\n#text-28194327 {\n  font-size: 1.15rem;\n}\n<\/style>\n\t<\/div>\n\t\n<a href=\"https:\/\/foyottr.com\/pharmaceutical\/\" target=\"_blank\" class=\"button primary is-underline\" rel=\"noopener\"  >\n\t\t<span>Plus d'informations<\/span>\n\t<\/a>\n\n\n\n\t\t\t<\/div>\n\t\t<\/div>\n\t<\/div>\n\t\n\n\t\t<\/div>\n\t\t\t\t\t<\/div>\n\n\t\n\n\t<div id=\"col-1416890340\" class=\"col medium-4 small-12 large-4\"  >\n\t\t\t\t<div class=\"col-inner\"  >\n\t\t\t\n\t\t\t\n\n\t<div class=\"box has-hover   has-hover box-push box-text-bottom\" >\n\n\t\t<div class=\"box-image\" >\n\t\t\t<a href=\"https:\/\/foyottr.com\/logistics\/\" target=\"_blank\" rel=\"noopener\" >\t\t\t<div class=\"image-zoom image-cover\" style=\"padding-top:70%;\">\n\t\t\t\t<img loading=\"lazy\" decoding=\"async\" width=\"800\" height=\"534\" src=\"https:\/\/foyottr.com\/wp-content\/uploads\/2024\/10\/info-card-bg-sample-3-ux-builder-flatsome.jpg\" class=\"attachment- size-\" alt=\"\" srcset=\"https:\/\/foyottr.com\/wp-content\/uploads\/2024\/10\/info-card-bg-sample-3-ux-builder-flatsome.jpg 800w, https:\/\/foyottr.com\/wp-content\/uploads\/2024\/10\/info-card-bg-sample-3-ux-builder-flatsome-599x400.jpg 599w, https:\/\/foyottr.com\/wp-content\/uploads\/2024\/10\/info-card-bg-sample-3-ux-builder-flatsome-510x340.jpg 510w\" sizes=\"auto, (max-width: 800px) 100vw, 800px\" title=\"\">\t\t\t\t\t\t\t\t\t\t\t<\/div>\n\t\t\t<\/a>\t\t<\/div>\n\n\t\t<div class=\"box-text text-center\" style=\"background-color:rgb(255, 255, 255);padding:20px 5% 20px 5%;\">\n\t\t\t<div class=\"box-text-inner\">\n\t\t\t\t\n\n\t<div id=\"text-4270419119\" class=\"text\">\n\t\t\n\n<h3>Logistique<\/h3>\n<p>Les rubans assurent un \u00e9tiquetage durable et de haute qualit\u00e9 dans la distribution, garantissant que les codes-barres et les d\u00e9tails d'exp\u00e9dition restent clairs et lisibles lors de la manipulation et du transport.<\/p>\n\t\t\n<style>\n#text-4270419119 {\n  font-size: 1.15rem;\n}\n<\/style>\n\t<\/div>\n\t\n<a href=\"https:\/\/foyottr.com\/logistics\/\" target=\"_blank\" class=\"button primary is-underline\" rel=\"noopener\"  >\n\t\t<span>Plus d'informations<\/span>\n\t<\/a>\n\n\n\n\t\t\t<\/div>\n\t\t<\/div>\n\t<\/div>\n\t\n\n\t\t<\/div>\n\t\t\t\t\t<\/div>\n\n\t\n\n\t<div id=\"col-230426893\" class=\"col medium-4 small-12 large-4\"  >\n\t\t\t\t<div class=\"col-inner\"  >\n\t\t\t\n\t\t\t\n\n\t<div class=\"box has-hover   has-hover box-push box-text-bottom\" >\n\n\t\t<div class=\"box-image\" >\n\t\t\t<a href=\"https:\/\/foyottr.com\/durable-goods\/\" target=\"_blank\" rel=\"noopener\" >\t\t\t<div class=\"image-zoom image-cover\" style=\"padding-top:70%;\">\n\t\t\t\t<img loading=\"lazy\" decoding=\"async\" width=\"800\" height=\"534\" src=\"https:\/\/foyottr.com\/wp-content\/uploads\/2024\/10\/info-card-bg-sample-3-ux-builder-flatsome.jpg\" class=\"attachment- size-\" alt=\"\" srcset=\"https:\/\/foyottr.com\/wp-content\/uploads\/2024\/10\/info-card-bg-sample-3-ux-builder-flatsome.jpg 800w, https:\/\/foyottr.com\/wp-content\/uploads\/2024\/10\/info-card-bg-sample-3-ux-builder-flatsome-599x400.jpg 599w, https:\/\/foyottr.com\/wp-content\/uploads\/2024\/10\/info-card-bg-sample-3-ux-builder-flatsome-510x340.jpg 510w\" sizes=\"auto, (max-width: 800px) 100vw, 800px\" title=\"\">\t\t\t\t\t\t\t\t\t\t\t<\/div>\n\t\t\t<\/a>\t\t<\/div>\n\n\t\t<div class=\"box-text text-center\" style=\"background-color:rgb(255, 255, 255);padding:20px 5% 20px 5%;\">\n\t\t\t<div class=\"box-text-inner\">\n\t\t\t\t\n\n\t<div id=\"text-2179962482\" class=\"text\">\n\t\t\n\n<h3>Biens durables<\/h3>\n<p>Les rubans assurent un \u00e9tiquetage durable des biens durables, garantissant une identification claire et une r\u00e9sistance \u00e0 l'usure, \u00e0 la chaleur et \u00e0 l'exposition \u00e0 l'environnement.<\/p>\n\t\t\n<style>\n#text-2179962482 {\n  font-size: 1.15rem;\n}\n<\/style>\n\t<\/div>\n\t\n<a href=\"https:\/\/foyottr.com\/durable-goods\/\" target=\"_blank\" class=\"button primary is-underline\" rel=\"noopener\"  >\n\t\t<span>Plus d'informations<\/span>\n\t<\/a>\n\n\n\n\t\t\t<\/div>\n\t\t<\/div>\n\t<\/div>\n\t\n\n\t\t<\/div>\n\t\t\t\t\t<\/div>\n\n\t\n\n\t<div id=\"col-413211760\" class=\"col medium-4 small-12 large-4\"  >\n\t\t\t\t<div class=\"col-inner\"  >\n\t\t\t\n\t\t\t\n\n\t<div class=\"box has-hover   has-hover box-push box-text-bottom\" >\n\n\t\t<div class=\"box-image\" >\n\t\t\t<a href=\"https:\/\/foyottr.com\/textile-industry-4\/\" target=\"_blank\" rel=\"noopener\" >\t\t\t<div class=\"image-zoom image-cover\" style=\"padding-top:70%;\">\n\t\t\t\t<img loading=\"lazy\" decoding=\"async\" width=\"800\" height=\"534\" src=\"https:\/\/foyottr.com\/wp-content\/uploads\/2024\/10\/info-card-bg-sample-3-ux-builder-flatsome.jpg\" class=\"attachment- size-\" alt=\"\" srcset=\"https:\/\/foyottr.com\/wp-content\/uploads\/2024\/10\/info-card-bg-sample-3-ux-builder-flatsome.jpg 800w, https:\/\/foyottr.com\/wp-content\/uploads\/2024\/10\/info-card-bg-sample-3-ux-builder-flatsome-599x400.jpg 599w, https:\/\/foyottr.com\/wp-content\/uploads\/2024\/10\/info-card-bg-sample-3-ux-builder-flatsome-510x340.jpg 510w\" sizes=\"auto, (max-width: 800px) 100vw, 800px\" title=\"\">\t\t\t\t\t\t\t\t\t\t\t<\/div>\n\t\t\t<\/a>\t\t<\/div>\n\n\t\t<div class=\"box-text text-center\" style=\"background-color:rgb(255, 255, 255);padding:20px 5% 20px 5%;\">\n\t\t\t<div class=\"box-text-inner\">\n\t\t\t\t\n\n\t<div id=\"text-1742948742\" class=\"text\">\n\t\t\n\n<h3>Industrie textile<\/h3>\n<p>Les rubans permettent un \u00e9tiquetage durable dans l'industrie textile, garantissant des impressions claires et durables sur les \u00e9tiquettes d'entretien des tissus qui r\u00e9sistent au lavage et \u00e0 l'usure.<\/p>\n\t\t\n<style>\n#text-1742948742 {\n  font-size: 1.15rem;\n}\n<\/style>\n\t<\/div>\n\t\n<a href=\"https:\/\/foyottr.com\/textile-industry-4\/\" target=\"_blank\" class=\"button primary is-underline\" rel=\"noopener\"  >\n\t\t<span>Plus d'informations<\/span>\n\t<\/a>\n\n\n\n\t\t\t<\/div>\n\t\t<\/div>\n\t<\/div>\n\t\n\n\t\t<\/div>\n\t\t\t\t\t<\/div>\n\n\t\n\n\t<div id=\"col-1042028085\" class=\"col medium-4 small-12 large-4\"  >\n\t\t\t\t<div class=\"col-inner\"  >\n\t\t\t\n\t\t\t\n\n\t<div class=\"box has-hover   has-hover box-push box-text-bottom\" >\n\n\t\t<div class=\"box-image\" >\n\t\t\t<a href=\"https:\/\/foyottr.com\/electronics-label\/\" target=\"_blank\" rel=\"noopener\" >\t\t\t<div class=\"image-zoom image-cover\" style=\"padding-top:70%;\">\n\t\t\t\t<img loading=\"lazy\" decoding=\"async\" width=\"800\" height=\"534\" src=\"https:\/\/foyottr.com\/wp-content\/uploads\/2024\/10\/info-card-bg-sample-3-ux-builder-flatsome.jpg\" class=\"attachment- size-\" alt=\"\" srcset=\"https:\/\/foyottr.com\/wp-content\/uploads\/2024\/10\/info-card-bg-sample-3-ux-builder-flatsome.jpg 800w, https:\/\/foyottr.com\/wp-content\/uploads\/2024\/10\/info-card-bg-sample-3-ux-builder-flatsome-599x400.jpg 599w, https:\/\/foyottr.com\/wp-content\/uploads\/2024\/10\/info-card-bg-sample-3-ux-builder-flatsome-510x340.jpg 510w\" sizes=\"auto, (max-width: 800px) 100vw, 800px\" title=\"\">\t\t\t\t\t\t\t\t\t\t\t<\/div>\n\t\t\t<\/a>\t\t<\/div>\n\n\t\t<div class=\"box-text text-center\" style=\"background-color:rgb(255, 255, 255);padding:20px 5% 20px 5%;\">\n\t\t\t<div class=\"box-text-inner\">\n\t\t\t\t\n\n\t<div id=\"text-3022798005\" class=\"text\">\n\t\t\n\n<h3>Industrie \u00e9lectronique<\/h3>\n<p data-pm-slice=\"1 1 &#091;&#093;\">Dans l'industrie \u00e9lectronique, les \u00e9tiquettes sont essentielles pour l'identification, la conformit\u00e9 et la s\u00e9curit\u00e9 des produits. Elles fournissent des informations vitales telles que les num\u00e9ros de s\u00e9rie, les codes-barres, les sp\u00e9cifications et les symboles d'avertissement, garantissant ainsi un suivi correct et la conformit\u00e9 aux r\u00e9glementations tout au long du cycle de vie du produit.<\/p>\n\t\t\n<style>\n#text-3022798005 {\n  font-size: 1.15rem;\n}\n<\/style>\n\t<\/div>\n\t\n<a href=\"https:\/\/foyottr.com\/electronics-label\/\" target=\"_blank\" class=\"button primary is-underline\" rel=\"noopener\"  >\n\t\t<span>Plus d'informations<\/span>\n\t<\/a>\n\n\n\n\t\t\t<\/div>\n\t\t<\/div>\n\t<\/div>\n\t\n\n\t\t<\/div>\n\t\t\t\t\t<\/div>\n\n\t\n\n\t<div id=\"col-1350641947\" class=\"col medium-4 small-12 large-4\"  >\n\t\t\t\t<div class=\"col-inner\"  >\n\t\t\t\n\t\t\t\n\n\t<div class=\"box has-hover   has-hover box-push box-text-bottom\" >\n\n\t\t<div class=\"box-image\" >\n\t\t\t<a href=\"https:\/\/foyottr.com\/automotive-industry\/\" target=\"_blank\" rel=\"noopener\" >\t\t\t<div class=\"image-zoom image-cover\" style=\"padding-top:70%;\">\n\t\t\t\t<img loading=\"lazy\" decoding=\"async\" width=\"800\" height=\"534\" src=\"https:\/\/foyottr.com\/wp-content\/uploads\/2024\/10\/info-card-bg-sample-3-ux-builder-flatsome.jpg\" class=\"attachment- size-\" alt=\"\" srcset=\"https:\/\/foyottr.com\/wp-content\/uploads\/2024\/10\/info-card-bg-sample-3-ux-builder-flatsome.jpg 800w, https:\/\/foyottr.com\/wp-content\/uploads\/2024\/10\/info-card-bg-sample-3-ux-builder-flatsome-599x400.jpg 599w, https:\/\/foyottr.com\/wp-content\/uploads\/2024\/10\/info-card-bg-sample-3-ux-builder-flatsome-510x340.jpg 510w\" sizes=\"auto, (max-width: 800px) 100vw, 800px\" title=\"\">\t\t\t\t\t\t\t\t\t\t\t<\/div>\n\t\t\t<\/a>\t\t<\/div>\n\n\t\t<div class=\"box-text text-center\" style=\"background-color:rgb(255, 255, 255);padding:20px 5% 20px 5%;\">\n\t\t\t<div class=\"box-text-inner\">\n\t\t\t\t\n\n\t<div id=\"text-3456527535\" class=\"text\">\n\t\t\n\n<h3>Industrie automobile<\/h3>\n<p>Les rubans garantissent un \u00e9tiquetage durable et r\u00e9sistant \u00e0 la chaleur dans l'industrie automobile, permettant une identification claire des pi\u00e8ces et des composants dans des conditions extr\u00eames.<\/p>\n\t\t\n<style>\n#text-3456527535 {\n  font-size: 1.15rem;\n}\n<\/style>\n\t<\/div>\n\t\n<a href=\"https:\/\/foyottr.com\/automotive-industry\/\" target=\"_blank\" class=\"button primary is-underline\" rel=\"noopener\"  >\n\t\t<span>Plus d'informations<\/span>\n\t<\/a>\n\n\n\n\t\t\t<\/div>\n\t\t<\/div>\n\t<\/div>\n\t\n\n\t\t<\/div>\n\t\t\t\t\t<\/div>\n\n\t\n\n\n<style>\n#row-1871553786 > .col > .col-inner {\n  background-color: rgb(255,255,255);\n}\n<\/style>\n<\/div>\n\n\t\t<\/div>\n\n\t\t\n<style>\n#section_1067630575 {\n  padding-top: 27px;\n  padding-bottom: 27px;\n  background-color: #ffffff;\n}\n<\/style>\n\t<\/section>\n\t\n\n\n\n<p><\/p>","protected":false},"excerpt":{"rendered":"","protected":false},"author":1,"featured_media":1085,"parent":0,"menu_order":0,"comment_status":"closed","ping_status":"closed","template":"","meta":{"_acf_changed":false,"footnotes":""},"class_list":["post-128","page","type-page","status-publish","has-post-thumbnail","hentry"],"acf":[],"_hostinger_reach_plugin_has_subscription_block":false,"_hostinger_reach_plugin_is_elementor":false,"_links":{"self":[{"href":"https:\/\/foyottr.com\/fr\/wp-json\/wp\/v2\/pages\/128","targetHints":{"allow":["GET"]}}],"collection":[{"href":"https:\/\/foyottr.com\/fr\/wp-json\/wp\/v2\/pages"}],"about":[{"href":"https:\/\/foyottr.com\/fr\/wp-json\/wp\/v2\/types\/page"}],"author":[{"embeddable":true,"href":"https:\/\/foyottr.com\/fr\/wp-json\/wp\/v2\/users\/1"}],"replies":[{"embeddable":true,"href":"https:\/\/foyottr.com\/fr\/wp-json\/wp\/v2\/comments?post=128"}],"version-history":[{"count":0,"href":"https:\/\/foyottr.com\/fr\/wp-json\/wp\/v2\/pages\/128\/revisions"}],"wp:featuredmedia":[{"embeddable":true,"href":"https:\/\/foyottr.com\/fr\/wp-json\/wp\/v2\/media\/1085"}],"wp:attachment":[{"href":"https:\/\/foyottr.com\/fr\/wp-json\/wp\/v2\/media?parent=128"}],"curies":[{"name":"wp","href":"https:\/\/api.w.org\/{rel}","templated":true}]}}